{"id":93,"date":"2025-10-28T13:41:09","date_gmt":"2025-10-28T13:41:09","guid":{"rendered":"https:\/\/sentinelsecurity.ch\/?page_id=93"},"modified":"2025-10-28T13:47:55","modified_gmt":"2025-10-28T13:47:55","slug":"interventionsdienst","status":"publish","type":"page","link":"https:\/\/sentinelsecurity.ch\/?page_id=93","title":{"rendered":"Interventionsdienst"},"content":{"rendered":"\t\t<div data-elementor-type=\"wp-page\" data-elementor-id=\"93\" class=\"elementor elementor-93\">\n\t\t\t\t<div class=\"elementor-element elementor-element-d8e6fad e-flex e-con-boxed e-con e-parent\" data-id=\"d8e6fad\" data-element_type=\"container\" data-e-type=\"container\">\n\t\t\t\t\t<div class=\"e-con-inner\">\n\t\t\t\t<div class=\"elementor-element elementor-element-0f1e44e elementor-widget elementor-widget-spacer\" data-id=\"0f1e44e\" data-element_type=\"widget\" data-e-type=\"widget\" data-widget_type=\"spacer.default\">\n\t\t\t\t\t\t\t<div class=\"elementor-spacer\">\n\t\t\t<div class=\"elementor-spacer-inner\"><\/div>\n\t\t<\/div>\n\t\t\t\t\t\t<\/div>\n\t\t\t\t\t<\/div>\n\t\t\t\t<\/div>\n\t\t<div class=\"elementor-element elementor-element-c0aa5f3 e-flex e-con-boxed e-con e-parent\" data-id=\"c0aa5f3\" data-element_type=\"container\" data-e-type=\"container\">\n\t\t\t\t\t<div class=\"e-con-inner\">\n\t\t\t\t<div class=\"elementor-element elementor-element-5da8ed2 elementor-widget elementor-widget-heading\" data-id=\"5da8ed2\" data-element_type=\"widget\" data-e-type=\"widget\" data-widget_type=\"heading.default\">\n\t\t\t\t\t<h2 class=\"elementor-heading-title elementor-size-default\">Interventionsdienst<\/h2>\t\t\t\t<\/div>\n\t\t\t\t\t<\/div>\n\t\t\t\t<\/div>\n\t\t<div class=\"elementor-element elementor-element-c6346e7 e-flex e-con-boxed e-con e-parent\" data-id=\"c6346e7\" data-element_type=\"container\" data-e-type=\"container\">\n\t\t\t\t\t<div class=\"e-con-inner\">\n\t\t\t\t<div class=\"elementor-element elementor-element-43e2032 elementor-widget elementor-widget-spacer\" data-id=\"43e2032\" data-element_type=\"widget\" data-e-type=\"widget\" data-widget_type=\"spacer.default\">\n\t\t\t\t\t\t\t<div class=\"elementor-spacer\">\n\t\t\t<div class=\"elementor-spacer-inner\"><\/div>\n\t\t<\/div>\n\t\t\t\t\t\t<\/div>\n\t\t\t\t\t<\/div>\n\t\t\t\t<\/div>\n\t\t<div class=\"elementor-element elementor-element-631a90d e-flex e-con-boxed e-con e-parent\" data-id=\"631a90d\" data-element_type=\"container\" data-e-type=\"container\">\n\t\t\t\t\t<div class=\"e-con-inner\">\n\t\t\t\t<div class=\"elementor-element elementor-element-19e8620 elementor-widget elementor-widget-heading\" data-id=\"19e8620\" data-element_type=\"widget\" data-e-type=\"widget\" data-widget_type=\"heading.default\">\n\t\t\t\t\t<h2 class=\"elementor-heading-title elementor-size-default\">Immer erreichbar, immer bereit<\/h2>\t\t\t\t<\/div>\n\t\t\t\t\t<\/div>\n\t\t\t\t<\/div>\n\t\t<div class=\"elementor-element elementor-element-a521748 e-flex e-con-boxed e-con e-parent\" data-id=\"a521748\" data-element_type=\"container\" data-e-type=\"container\">\n\t\t\t\t\t<div class=\"e-con-inner\">\n\t\t\t\t<div class=\"elementor-element elementor-element-7210221 elementor-widget elementor-widget-spacer\" data-id=\"7210221\" data-element_type=\"widget\" data-e-type=\"widget\" data-widget_type=\"spacer.default\">\n\t\t\t\t\t\t\t<div class=\"elementor-spacer\">\n\t\t\t<div class=\"elementor-spacer-inner\"><\/div>\n\t\t<\/div>\n\t\t\t\t\t\t<\/div>\n\t\t\t\t\t<\/div>\n\t\t\t\t<\/div>\n\t\t<div class=\"elementor-element elementor-element-00dbfff e-flex e-con-boxed e-con e-parent\" data-id=\"00dbfff\" data-element_type=\"container\" data-e-type=\"container\">\n\t\t\t\t\t<div class=\"e-con-inner\">\n\t\t\t\t<div class=\"elementor-element elementor-element-32a5167 elementor-widget elementor-widget-text-editor\" data-id=\"32a5167\" data-element_type=\"widget\" data-e-type=\"widget\" data-widget_type=\"text-editor.default\">\n\t\t\t\t\t\t\t\t\t<p>Mit unserem Interventionsdienst bieten wir rund um die Uhr Sicherheit, Einsatzbereitschaft und schnelle Erreichbarkeit. Mithilfe modernster Technik \u00fcberwachen wir Ihr Objekt in unseren Einsatzzentralen jederzeit zuverl\u00e4ssig per Video\u00fcberwachung.<\/p>\t\t\t\t\t\t\t\t<\/div>\n\t\t\t\t\t<\/div>\n\t\t\t\t<\/div>\n\t\t<div class=\"elementor-element elementor-element-e0f7f47 e-flex e-con-boxed e-con e-parent\" data-id=\"e0f7f47\" data-element_type=\"container\" data-e-type=\"container\">\n\t\t\t\t\t<div class=\"e-con-inner\">\n\t\t\t\t<div class=\"elementor-element elementor-element-22aa557 elementor-widget elementor-widget-spacer\" data-id=\"22aa557\" data-element_type=\"widget\" data-e-type=\"widget\" data-widget_type=\"spacer.default\">\n\t\t\t\t\t\t\t<div class=\"elementor-spacer\">\n\t\t\t<div class=\"elementor-spacer-inner\"><\/div>\n\t\t<\/div>\n\t\t\t\t\t\t<\/div>\n\t\t\t\t\t<\/div>\n\t\t\t\t<\/div>\n\t\t<div class=\"elementor-element elementor-element-8d7b348 e-flex e-con-boxed e-con e-parent\" data-id=\"8d7b348\" data-element_type=\"container\" data-e-type=\"container\">\n\t\t\t\t\t<div class=\"e-con-inner\">\n\t\t\t\t<div class=\"elementor-element elementor-element-c25bd37 elementor-widget elementor-widget-text-editor\" data-id=\"c25bd37\" data-element_type=\"widget\" data-e-type=\"widget\" data-widget_type=\"text-editor.default\">\n\t\t\t\t\t\t\t\t\t<p>Im Ereignisfall erm\u00f6glicht unsere Fern\u00fcberwachung durch optimal platzierte Kameras die genaue Kontrolle der Situation. Bei Bedarf entsendet unsere Einsatzzentrale den Pikettdienst, um vor Ort die Lage zu pr\u00fcfen. Auch Meldungen externer Alarmzentralen werden von uns zuverl\u00e4ssig nachverfolgt. Wenn Sie auf ein perfektes Zusammenspiel von Video\u00fcberwachung und Pikettdienst f\u00fcr den Rund-um-Schutz Ihres Objekts setzen m\u00f6chten, ist Sentinel Security mit ihrem professionellen Interventionsdienst Ihr verl\u00e4sslicher Sicherheitspartner.<\/p>\t\t\t\t\t\t\t\t<\/div>\n\t\t\t\t\t<\/div>\n\t\t\t\t<\/div>\n\t\t<div class=\"elementor-element elementor-element-e34efae e-flex e-con-boxed e-con e-parent\" data-id=\"e34efae\" data-element_type=\"container\" data-e-type=\"container\">\n\t\t\t\t\t<div class=\"e-con-inner\">\n\t\t\t\t<div class=\"elementor-element elementor-element-f28aedb elementor-widget elementor-widget-spacer\" data-id=\"f28aedb\" data-element_type=\"widget\" data-e-type=\"widget\" data-widget_type=\"spacer.default\">\n\t\t\t\t\t\t\t<div class=\"elementor-spacer\">\n\t\t\t<div class=\"elementor-spacer-inner\"><\/div>\n\t\t<\/div>\n\t\t\t\t\t\t<\/div>\n\t\t\t\t\t<\/div>\n\t\t\t\t<\/div>\n\t\t<div class=\"elementor-element elementor-element-9ea1cd8 e-flex e-con-boxed e-con e-parent\" data-id=\"9ea1cd8\" data-element_type=\"container\" data-e-type=\"container\">\n\t\t\t\t\t<div class=\"e-con-inner\">\n\t\t<div class=\"elementor-element elementor-element-bdca98f e-con-full e-flex e-con e-child\" data-id=\"bdca98f\" data-element_type=\"container\" data-e-type=\"container\">\n\t\t\t\t<div class=\"elementor-element elementor-element-dcddd6f elementor-widget elementor-widget-heading\" data-id=\"dcddd6f\" data-element_type=\"widget\" data-e-type=\"widget\" data-widget_type=\"heading.default\">\n\t\t\t\t\t<h2 class=\"elementor-heading-title elementor-size-default\">Warum ist ein Interventionsdienst von Vorteil?<\/h2>\t\t\t\t<\/div>\n\t\t\t\t<div class=\"elementor-element elementor-element-a8def17 elementor-widget elementor-widget-text-editor\" data-id=\"a8def17\" data-element_type=\"widget\" data-e-type=\"widget\" data-widget_type=\"text-editor.default\">\n\t\t\t\t\t\t\t\t\t<ul data-start=\"0\" data-end=\"563\"><li data-start=\"0\" data-end=\"178\"><p data-start=\"2\" data-end=\"178\">Mit modernster Video\u00fcberwachung, professioneller Fern\u00fcberwachung und einem stets einsatzbereiten Pikettdienst k\u00f6nnen wir nach Eingang einer Ereignismeldung schnell reagieren.<\/p><\/li><li data-start=\"179\" data-end=\"368\"><p data-start=\"181\" data-end=\"368\">Im Alarmfall handeln wir nach vordefinierten Abl\u00e4ufen und setzen bei Bedarf den Interventionsdienst von Sentinel Security, die Polizei, Rettungsdienste oder die Auftraggebenden ein.<\/p><\/li><li data-start=\"369\" data-end=\"563\"><p data-start=\"371\" data-end=\"563\">Dank unserer Alarmzentrale, modernster Kameras, professioneller Fern\u00fcberwachung und unseres Pikettdienstes bleiben Sie jederzeit optimal \u00fcber alle Geschehnisse rund um Ihr Objekt informiert.<\/p><\/li><\/ul><p data-start=\"565\" data-end=\"954\" data-is-last-node=\"\" data-is-only-node=\"\">Unser Interventionsdienst st\u00fctzt sich auf langj\u00e4hrige Erfahrung in der Objekt\u00fcberwachung und deckt ein breites Spektrum Ihrer Sicherheitsbed\u00fcrfnisse ab. Unsere hochqualifizierten Mitarbeitenden bieten schweizweit erstklassige Sicherheitsleistungen.<\/p>\t\t\t\t\t\t\t\t<\/div>\n\t\t\t\t<\/div>\n\t\t<div class=\"elementor-element elementor-element-da9a673 e-con-full e-flex e-con e-child\" data-id=\"da9a673\" data-element_type=\"container\" data-e-type=\"container\">\n\t\t\t\t<div class=\"elementor-element elementor-element-f6edeac elementor-widget elementor-widget-heading\" data-id=\"f6edeac\" data-element_type=\"widget\" data-e-type=\"widget\" data-widget_type=\"heading.default\">\n\t\t\t\t\t<h2 class=\"elementor-heading-title elementor-size-default\">Ihre Interventionsdienst-Profis<\/h2>\t\t\t\t<\/div>\n\t\t\t\t<div class=\"elementor-element elementor-element-c0401c2 elementor-widget elementor-widget-text-editor\" data-id=\"c0401c2\" data-element_type=\"widget\" data-e-type=\"widget\" data-widget_type=\"text-editor.default\">\n\t\t\t\t\t\t\t\t\t<ul><li data-start=\"0\" data-end=\"95\"><p data-start=\"2\" data-end=\"95\">Mit unserem Interventionsdienst sind Ihre Sicherheitsbed\u00fcrfnisse rund um die Uhr abgedeckt.<\/p><\/li><li data-start=\"96\" data-end=\"237\"><p data-start=\"98\" data-end=\"237\">Wir bearbeiten Alarm- und Ereignismeldungen, nehmen Notrufe entgegen und leiten dank unseres Pikettdienstes sofortige Interventionen ein.<\/p><\/li><li data-start=\"238\" data-end=\"440\"><p data-start=\"240\" data-end=\"440\">Unser geschultes Interventionspersonal kennt sich mit Alarmanlagen aus, kann Reparaturen direkt vor Ort durchf\u00fchren und \u00fcberpr\u00fcft die Betriebsbereitschaft Ihrer Alarmsysteme und technischen Anlagen.<\/p><\/li><li data-start=\"441\" data-end=\"574\"><p data-start=\"443\" data-end=\"574\">Dank unserer 24\/7-Einsatzzentralen k\u00f6nnen sich unsere Mitarbeitenden jederzeit auf professionelle Einsatzunterst\u00fctzung verlassen.<\/p><\/li><li data-start=\"575\" data-end=\"708\"><p data-start=\"577\" data-end=\"708\">Situationsgerecht alarmieren wir den Pikettdienst, die Polizei, den Rettungsdienst oder Sie als Auftraggeberin bzw. Auftraggeber.<\/p><\/li><li data-start=\"709\" data-end=\"876\"><p data-start=\"711\" data-end=\"876\">Kontrollanrufe geh\u00f6ren ebenfalls zu unseren Leistungen, um sicherzustellen, dass bei Alleinarbeitenden oder besonders zu betreuenden Personen alles in Ordnung ist.<\/p><\/li><li data-start=\"877\" data-end=\"1096\"><p data-start=\"879\" data-end=\"1096\">Unsere moderne Video-Fern\u00fcberwachung (Remote) und virtuellen \u00dcberwachungsrundg\u00e4nge aus der Einsatzzentrale erf\u00fcllen h\u00f6chste Anspr\u00fcche. Dabei bieten wir auch eine Remote-Zutrittskontrolle via Video-Identifikation an.<\/p><\/li><li data-start=\"1097\" data-end=\"1225\"><p data-start=\"1099\" data-end=\"1225\">Sofern Ihr Objekt ausgestattet ist, k\u00f6nnen wir die Situation vor Ort via Video\u00fcberwachung einsch\u00e4tzen und gezielt reagieren.<\/p><\/li><li data-start=\"1226\" data-end=\"1332\"><p data-start=\"1228\" data-end=\"1332\">Ihre wertvollen Schl\u00fcssel sind sicher in unserem Schl\u00fcsseldepot oder mit Schl\u00fcsselfundmarken verwahrt.<\/p><\/li><li data-start=\"1333\" data-end=\"1439\" data-is-last-node=\"\"><p data-start=\"1335\" data-end=\"1439\" data-is-last-node=\"\">Alle unsere Dienstleistungen werden individuell an Ihre Bed\u00fcrfnisse angepasst \u2013 f\u00fcr maximale Sicherheit.<\/p><\/li><\/ul>\t\t\t\t\t\t\t\t<\/div>\n\t\t\t\t<\/div>\n\t\t\t\t\t<\/div>\n\t\t\t\t<\/div>\n\t\t<div class=\"elementor-element elementor-element-3d1636b e-flex e-con-boxed e-con e-parent\" data-id=\"3d1636b\" data-element_type=\"container\" data-e-type=\"container\">\n\t\t\t\t\t<div class=\"e-con-inner\">\n\t\t\t\t<div class=\"elementor-element elementor-element-2598650 elementor-widget elementor-widget-spacer\" data-id=\"2598650\" data-element_type=\"widget\" data-e-type=\"widget\" data-widget_type=\"spacer.default\">\n\t\t\t\t\t\t\t<div class=\"elementor-spacer\">\n\t\t\t<div class=\"elementor-spacer-inner\"><\/div>\n\t\t<\/div>\n\t\t\t\t\t\t<\/div>\n\t\t\t\t\t<\/div>\n\t\t\t\t<\/div>\n\t\t\t\t<\/div>\n\t\t","protected":false},"excerpt":{"rendered":"<p>Interventionsdienst Immer erreichbar, immer bereit Mit unserem Interventionsdienst bieten wir rund um die Uhr Sicherheit, Einsatzbereitschaft und schnelle Erreichbarkeit. Mithilfe modernster Technik \u00fcberwachen wir Ihr Objekt in unseren Einsatzzentralen jederzeit zuverl\u00e4ssig per Video\u00fcberwachung. Im Ereignisfall erm\u00f6glicht unsere Fern\u00fcberwachung durch optimal platzierte Kameras die genaue Kontrolle der Situation. Bei Bedarf entsendet unsere Einsatzzentrale den Pikettdienst, um [&hellip;]<\/p>\n","protected":false},"author":1,"featured_media":0,"parent":76,"menu_order":0,"comment_status":"closed","ping_status":"closed","template":"elementor_canvas","meta":{"footnotes":""},"class_list":["post-93","page","type-page","status-publish","hentry"],"_links":{"self":[{"href":"https:\/\/sentinelsecurity.ch\/index.php?rest_route=\/wp\/v2\/pages\/93","targetHints":{"allow":["GET"]}}],"collection":[{"href":"https:\/\/sentinelsecurity.ch\/index.php?rest_route=\/wp\/v2\/pages"}],"about":[{"href":"https:\/\/sentinelsecurity.ch\/index.php?rest_route=\/wp\/v2\/types\/page"}],"author":[{"embeddable":true,"href":"https:\/\/sentinelsecurity.ch\/index.php?rest_route=\/wp\/v2\/users\/1"}],"replies":[{"embeddable":true,"href":"https:\/\/sentinelsecurity.ch\/index.php?rest_route=%2Fwp%2Fv2%2Fcomments&post=93"}],"version-history":[{"count":10,"href":"https:\/\/sentinelsecurity.ch\/index.php?rest_route=\/wp\/v2\/pages\/93\/revisions"}],"predecessor-version":[{"id":194,"href":"https:\/\/sentinelsecurity.ch\/index.php?rest_route=\/wp\/v2\/pages\/93\/revisions\/194"}],"up":[{"embeddable":true,"href":"https:\/\/sentinelsecurity.ch\/index.php?rest_route=\/wp\/v2\/pages\/76"}],"wp:attachment":[{"href":"https:\/\/sentinelsecurity.ch\/index.php?rest_route=%2Fwp%2Fv2%2Fmedia&parent=93"}],"curies":[{"name":"wp","href":"https:\/\/api.w.org\/{rel}","templated":true}]}}