{"id":84,"date":"2025-10-22T11:02:02","date_gmt":"2025-10-22T11:02:02","guid":{"rendered":"https:\/\/sentinelsecurity.ch\/?page_id=84"},"modified":"2025-10-28T13:47:03","modified_gmt":"2025-10-28T13:47:03","slug":"verkehrsdienst","status":"publish","type":"page","link":"https:\/\/sentinelsecurity.ch\/?page_id=84","title":{"rendered":"Verkehrsdienst"},"content":{"rendered":"\t\t<div data-elementor-type=\"wp-page\" data-elementor-id=\"84\" class=\"elementor elementor-84\">\n\t\t\t\t<div class=\"elementor-element elementor-element-4033ae0 e-flex e-con-boxed e-con e-parent\" data-id=\"4033ae0\" data-element_type=\"container\" data-e-type=\"container\">\n\t\t\t\t\t<div class=\"e-con-inner\">\n\t\t\t\t<div class=\"elementor-element elementor-element-eb55cbc elementor-widget elementor-widget-spacer\" data-id=\"eb55cbc\" data-element_type=\"widget\" data-e-type=\"widget\" data-widget_type=\"spacer.default\">\n\t\t\t\t\t\t\t<div class=\"elementor-spacer\">\n\t\t\t<div class=\"elementor-spacer-inner\"><\/div>\n\t\t<\/div>\n\t\t\t\t\t\t<\/div>\n\t\t\t\t\t<\/div>\n\t\t\t\t<\/div>\n\t\t<div class=\"elementor-element elementor-element-2604f0e e-flex e-con-boxed e-con e-parent\" data-id=\"2604f0e\" data-element_type=\"container\" data-e-type=\"container\">\n\t\t\t\t\t<div class=\"e-con-inner\">\n\t\t\t\t<div class=\"elementor-element elementor-element-9114259 elementor-widget elementor-widget-heading\" data-id=\"9114259\" data-element_type=\"widget\" data-e-type=\"widget\" data-widget_type=\"heading.default\">\n\t\t\t\t\t<h2 class=\"elementor-heading-title elementor-size-default\">Verkehrsdienst<\/h2>\t\t\t\t<\/div>\n\t\t\t\t<div class=\"elementor-element elementor-element-125da2f elementor-widget elementor-widget-spacer\" data-id=\"125da2f\" data-element_type=\"widget\" data-e-type=\"widget\" data-widget_type=\"spacer.default\">\n\t\t\t\t\t\t\t<div class=\"elementor-spacer\">\n\t\t\t<div class=\"elementor-spacer-inner\"><\/div>\n\t\t<\/div>\n\t\t\t\t\t\t<\/div>\n\t\t\t\t<div class=\"elementor-element elementor-element-2370f9c elementor-widget elementor-widget-heading\" data-id=\"2370f9c\" data-element_type=\"widget\" data-e-type=\"widget\" data-widget_type=\"heading.default\">\n\t\t\t\t\t<h2 class=\"elementor-heading-title elementor-size-default\">Mit uns fahren Sie richtig<\/h2>\t\t\t\t<\/div>\n\t\t\t\t<div class=\"elementor-element elementor-element-4ef0886 elementor-widget elementor-widget-spacer\" data-id=\"4ef0886\" data-element_type=\"widget\" data-e-type=\"widget\" data-widget_type=\"spacer.default\">\n\t\t\t\t\t\t\t<div class=\"elementor-spacer\">\n\t\t\t<div class=\"elementor-spacer-inner\"><\/div>\n\t\t<\/div>\n\t\t\t\t\t\t<\/div>\n\t\t\t\t<div class=\"elementor-element elementor-element-91f7724 elementor-widget elementor-widget-text-editor\" data-id=\"91f7724\" data-element_type=\"widget\" data-e-type=\"widget\" data-widget_type=\"text-editor.default\">\n\t\t\t\t\t\t\t\t\t<p>Sentinel Security sorgt daf\u00fcr, dass der Verkehr jederzeit reibungslos flie\u00dft. Ob auf Parkpl\u00e4tzen oder rund um Baustellen \u2013 wir behalten alles im Blick.<\/p>\t\t\t\t\t\t\t\t<\/div>\n\t\t\t\t<div class=\"elementor-element elementor-element-3b92b35 elementor-widget elementor-widget-spacer\" data-id=\"3b92b35\" data-element_type=\"widget\" data-e-type=\"widget\" data-widget_type=\"spacer.default\">\n\t\t\t\t\t\t\t<div class=\"elementor-spacer\">\n\t\t\t<div class=\"elementor-spacer-inner\"><\/div>\n\t\t<\/div>\n\t\t\t\t\t\t<\/div>\n\t\t\t\t<div class=\"elementor-element elementor-element-f8d3f2b elementor-widget elementor-widget-text-editor\" data-id=\"f8d3f2b\" data-element_type=\"widget\" data-e-type=\"widget\" data-widget_type=\"text-editor.default\">\n\t\t\t\t\t\t\t\t\t<p>M\u00f6chten Sie, dass Autos, \u00f6ffentliche Verkehrsmittel, Fahrr\u00e4der und Fu\u00dfg\u00e4nger sicher und ohne Zwischenf\u00e4lle unterwegs sind? Dann ist Sentinel Security in der ganzen Schweiz Ihr verl\u00e4sslicher Sicherheitspartner \u2013 egal, ob es um Parkpl\u00e4tze, Baustellenabsperrungen oder Blaue Zonen im Bahnhofsbereich Ihrer Stadt oder Ihres Dorfes geht.<\/p>\t\t\t\t\t\t\t\t<\/div>\n\t\t\t\t\t<\/div>\n\t\t\t\t<\/div>\n\t\t<div class=\"elementor-element elementor-element-7d7f294 e-flex e-con-boxed e-con e-parent\" data-id=\"7d7f294\" data-element_type=\"container\" data-e-type=\"container\">\n\t\t\t\t\t<div class=\"e-con-inner\">\n\t\t\t\t<div class=\"elementor-element elementor-element-e939e31 elementor-widget elementor-widget-spacer\" data-id=\"e939e31\" data-element_type=\"widget\" data-e-type=\"widget\" data-widget_type=\"spacer.default\">\n\t\t\t\t\t\t\t<div class=\"elementor-spacer\">\n\t\t\t<div class=\"elementor-spacer-inner\"><\/div>\n\t\t<\/div>\n\t\t\t\t\t\t<\/div>\n\t\t\t\t\t<\/div>\n\t\t\t\t<\/div>\n\t\t<div class=\"elementor-element elementor-element-f7b1630 e-flex e-con-boxed e-con e-parent\" data-id=\"f7b1630\" data-element_type=\"container\" data-e-type=\"container\">\n\t\t\t\t\t<div class=\"e-con-inner\">\n\t\t<div class=\"elementor-element elementor-element-4786740 e-con-full e-flex e-con e-child\" data-id=\"4786740\" data-element_type=\"container\" data-e-type=\"container\">\n\t\t\t\t<div class=\"elementor-element elementor-element-8af6837 elementor-widget elementor-widget-heading\" data-id=\"8af6837\" data-element_type=\"widget\" data-e-type=\"widget\" data-widget_type=\"heading.default\">\n\t\t\t\t\t<h2 class=\"elementor-heading-title elementor-size-default\">Warum ist ein Verkehrsdienst sinnvoll?<\/h2>\t\t\t\t<\/div>\n\t\t\t\t<div class=\"elementor-element elementor-element-da3f1e8 elementor-widget elementor-widget-text-editor\" data-id=\"da3f1e8\" data-element_type=\"widget\" data-e-type=\"widget\" data-widget_type=\"text-editor.default\">\n\t\t\t\t\t\t\t\t\t<ul data-start=\"0\" data-end=\"959\"><li data-start=\"0\" data-end=\"134\"><p data-start=\"2\" data-end=\"134\">Wir gew\u00e4hrleisten einen sicheren und reibungslosen Verkehrsfluss \u2013 sei es auf Parkpl\u00e4tzen oder bei der Absicherung von Baustellen.<\/p><\/li><li data-start=\"135\" data-end=\"289\"><p data-start=\"137\" data-end=\"289\">Unser Parkdienst sorgt rund um die Uhr f\u00fcr die professionelle Kontrolle Ihrer Parkzonen und kann bei Bedarf auch das Parkplatz-Bussenwesen \u00fcbernehmen.<\/p><\/li><li data-start=\"290\" data-end=\"461\"><p data-start=\"292\" data-end=\"461\">Bei Veranstaltungen jeder Gr\u00f6\u00dfe weisen wir ankommende Fahrzeuge sicher zu freien Parkpl\u00e4tzen, sodass Zufahrten frei bleiben und die Parkfl\u00e4chen optimal genutzt werden.<\/p><\/li><li data-start=\"462\" data-end=\"630\"><p data-start=\"464\" data-end=\"630\">Bei Baustellen mit schwierigen Stra\u00dfenverh\u00e4ltnissen regeln wir den Verkehr, minimieren St\u00f6rungen und sorgen f\u00fcr eine schnelle und regelm\u00e4\u00dfige Baustellenabsicherung.<\/p><\/li><li data-start=\"719\" data-end=\"959\"><p data-start=\"721\" data-end=\"959\">F\u00fcr die korrekte Erledigung beh\u00f6rdlicher Aufgaben arbeiten wir eng mit den zust\u00e4ndigen Stellen zusammen, kennen die kantonal unterschiedlichen Rechtslagen und stellen bei Bedarf die beh\u00f6rdliche Vereidigung unserer Mitarbeitenden sicher.<\/p><\/li><\/ul><p data-start=\"961\" data-end=\"1340\" data-is-last-node=\"\" data-is-only-node=\"\">Unser Verkehrsdienst ist ein zentraler Bestandteil unserer langj\u00e4hrigen Erfahrung. Unsere bestens ausgebildeten Mitarbeitenden unterst\u00fctzen Sie dabei, t\u00e4gliche Herausforderungen sicher zu meistern und bieten ma\u00dfgeschneiderte L\u00f6sungen.<\/p>\t\t\t\t\t\t\t\t<\/div>\n\t\t\t\t<\/div>\n\t\t<div class=\"elementor-element elementor-element-c96776a e-con-full e-flex e-con e-child\" data-id=\"c96776a\" data-element_type=\"container\" data-e-type=\"container\">\n\t\t\t\t<div class=\"elementor-element elementor-element-656f509 elementor-widget elementor-widget-heading\" data-id=\"656f509\" data-element_type=\"widget\" data-e-type=\"widget\" data-widget_type=\"heading.default\">\n\t\t\t\t\t<h2 class=\"elementor-heading-title elementor-size-default\">Ihre Profis im Verkehrsdienst<\/h2>\t\t\t\t<\/div>\n\t\t\t\t<div class=\"elementor-element elementor-element-3152f86 elementor-widget elementor-widget-text-editor\" data-id=\"3152f86\" data-element_type=\"widget\" data-e-type=\"widget\" data-widget_type=\"text-editor.default\">\n\t\t\t\t\t\t\t\t\t<h6 class=\"sr-only\">ChatGPT:<\/h6><div class=\"text-base my-auto mx-auto pb-10 [--thread-content-margin:--spacing(4)] thread-sm:[--thread-content-margin:--spacing(6)] thread-lg:[--thread-content-margin:--spacing(16)] px-(--thread-content-margin)\"><div class=\"[--thread-content-max-width:40rem] thread-lg:[--thread-content-max-width:48rem] mx-auto max-w-(--thread-content-max-width) flex-1 group\/turn-messages focus-visible:outline-hidden relative flex w-full min-w-0 flex-col agent-turn\" tabindex=\"-1\"><div class=\"flex max-w-full flex-col grow\"><div class=\"min-h-8 text-message relative flex w-full flex-col items-end gap-2 text-start break-words whitespace-normal [.text-message+&amp;]:mt-1\" dir=\"auto\" data-message-author-role=\"assistant\" data-message-id=\"dbc1e6e5-e074-4e5d-9e53-4a849cd96f59\" data-message-model-slug=\"gpt-5-mini\"><div class=\"flex w-full flex-col gap-1 empty:hidden first:pt-[1px]\"><div class=\"markdown prose dark:prose-invert w-full break-words dark markdown-new-styling\"><ul data-start=\"0\" data-end=\"1679\" data-is-last-node=\"\" data-is-only-node=\"\"><li data-start=\"0\" data-end=\"159\"><p data-start=\"2\" data-end=\"159\">Mit unserer Verkehrsregelung decken wir Ihre Sicherheitsbed\u00fcrfnisse rund um die Uhr ab \u2013 sei es im Baustellenbereich oder bei der Parkplatzbewirtschaftung.<\/p><\/li><li data-start=\"160\" data-end=\"297\"><p data-start=\"162\" data-end=\"297\">Wir sind mit den kantonal unterschiedlichen Rechtslagen vertraut und k\u00f6nnen bei Bedarf beh\u00f6rdlich vereidigte Mitarbeitende einsetzen.<\/p><\/li><li data-start=\"298\" data-end=\"417\"><p data-start=\"300\" data-end=\"417\">Unser Personal verf\u00fcgt \u00fcber langj\u00e4hrige Routine und ist stets mit geeigneten technischen Hilfsmitteln ausgestattet.<\/p><\/li><li data-start=\"418\" data-end=\"544\"><p data-start=\"420\" data-end=\"544\">Dank unserer 24\/7-Einsatzzentralen k\u00f6nnen sich unsere Mitarbeitenden jederzeit auf professionelle Unterst\u00fctzung verlassen.<\/p><\/li><li data-start=\"545\" data-end=\"647\"><p data-start=\"547\" data-end=\"647\">Sentinel Security ist Ihr verl\u00e4sslicher Partner f\u00fcr eine professionelle Baustellensicherung.<\/p><\/li><li data-start=\"648\" data-end=\"753\"><p data-start=\"650\" data-end=\"753\">Bei Veranstaltungen sorgen unsere geschulten Mitarbeitenden f\u00fcr die sichere Regelung von Parkpl\u00e4tzen.<\/p><\/li><li data-start=\"754\" data-end=\"868\"><p data-start=\"756\" data-end=\"868\">Wir garantieren die Organisation des Verkehrs und die Sicherung von Arealen in ausserordentlichen Situationen.<\/p><\/li><li data-start=\"869\" data-end=\"967\"><p data-start=\"871\" data-end=\"967\">Tempor\u00e4re Umleitungen im Rahmen der Baustellensicherung geh\u00f6ren ebenfalls zu unseren Aufgaben.<\/p><\/li><li data-start=\"968\" data-end=\"1047\"><p data-start=\"970\" data-end=\"1047\">Unser Verkehrsdienst tr\u00e4gt aktiv zur Vermeidung von Unf\u00e4llen und Staus bei.<\/p><\/li><li data-start=\"1048\" data-end=\"1175\"><p data-start=\"1050\" data-end=\"1175\">Unsere Spezialistinnen und Spezialisten stehen als Ansprech- und Auskunftsstelle f\u00fcr Besuchende und Personal zur Verf\u00fcgung.<\/p><\/li><li data-start=\"1176\" data-end=\"1401\"><p data-start=\"1178\" data-end=\"1401\">Ob Parkplatzbewirtschaftung, Baustellensicherung, \u00dcberwachung privater Parkpl\u00e4tze, sichere Verkehrsf\u00fchrung im Stadtzentrum oder weitere Dienstleistungen \u2013 bei Sentinel Security erhalten Sie die beste L\u00f6sung.<\/p><\/li><li data-start=\"1402\" data-end=\"1519\"><p data-start=\"1404\" data-end=\"1519\">Alle unsere Dienstleistungen werden individuell an Ihre pers\u00f6nlichen Bed\u00fcrfnisse angepasst \u2013 f\u00fcr Ihre Sicherheit.<\/p><\/li><li data-start=\"1520\" data-end=\"1599\"><p data-start=\"1522\" data-end=\"1599\">Kontrolle des ruhenden Verkehrs, inklusive Bussenwesen und -administration.<\/p><\/li><li data-start=\"1600\" data-end=\"1679\" data-is-last-node=\"\"><p data-start=\"1602\" data-end=\"1679\" data-is-last-node=\"\">\u00dcberwachung privater Parkpl\u00e4tze im Auftrag von Unternehmen und Institutionen.<\/p><\/li><\/ul><\/div><\/div><\/div><\/div><\/div><\/div>\t\t\t\t\t\t\t\t<\/div>\n\t\t\t\t<\/div>\n\t\t\t\t\t<\/div>\n\t\t\t\t<\/div>\n\t\t<div class=\"elementor-element elementor-element-520e5d1 e-flex e-con-boxed e-con e-parent\" data-id=\"520e5d1\" data-element_type=\"container\" data-e-type=\"container\">\n\t\t\t\t\t<div class=\"e-con-inner\">\n\t\t\t\t<div class=\"elementor-element elementor-element-14bea66 elementor-widget elementor-widget-spacer\" data-id=\"14bea66\" data-element_type=\"widget\" data-e-type=\"widget\" data-widget_type=\"spacer.default\">\n\t\t\t\t\t\t\t<div class=\"elementor-spacer\">\n\t\t\t<div class=\"elementor-spacer-inner\"><\/div>\n\t\t<\/div>\n\t\t\t\t\t\t<\/div>\n\t\t\t\t\t<\/div>\n\t\t\t\t<\/div>\n\t\t\t\t<\/div>\n\t\t","protected":false},"excerpt":{"rendered":"<p>Verkehrsdienst Mit uns fahren Sie richtig Sentinel Security sorgt daf\u00fcr, dass der Verkehr jederzeit reibungslos flie\u00dft. Ob auf Parkpl\u00e4tzen oder rund um Baustellen \u2013 wir behalten alles im Blick. M\u00f6chten Sie, dass Autos, \u00f6ffentliche Verkehrsmittel, Fahrr\u00e4der und Fu\u00dfg\u00e4nger sicher und ohne Zwischenf\u00e4lle unterwegs sind? Dann ist Sentinel Security in der ganzen Schweiz Ihr verl\u00e4sslicher Sicherheitspartner [&hellip;]<\/p>\n","protected":false},"author":1,"featured_media":0,"parent":76,"menu_order":0,"comment_status":"closed","ping_status":"closed","template":"elementor_canvas","meta":{"footnotes":""},"class_list":["post-84","page","type-page","status-publish","hentry"],"_links":{"self":[{"href":"https:\/\/sentinelsecurity.ch\/index.php?rest_route=\/wp\/v2\/pages\/84","targetHints":{"allow":["GET"]}}],"collection":[{"href":"https:\/\/sentinelsecurity.ch\/index.php?rest_route=\/wp\/v2\/pages"}],"about":[{"href":"https:\/\/sentinelsecurity.ch\/index.php?rest_route=\/wp\/v2\/types\/page"}],"author":[{"embeddable":true,"href":"https:\/\/sentinelsecurity.ch\/index.php?rest_route=\/wp\/v2\/users\/1"}],"replies":[{"embeddable":true,"href":"https:\/\/sentinelsecurity.ch\/index.php?rest_route=%2Fwp%2Fv2%2Fcomments&post=84"}],"version-history":[{"count":7,"href":"https:\/\/sentinelsecurity.ch\/index.php?rest_route=\/wp\/v2\/pages\/84\/revisions"}],"predecessor-version":[{"id":182,"href":"https:\/\/sentinelsecurity.ch\/index.php?rest_route=\/wp\/v2\/pages\/84\/revisions\/182"}],"up":[{"embeddable":true,"href":"https:\/\/sentinelsecurity.ch\/index.php?rest_route=\/wp\/v2\/pages\/76"}],"wp:attachment":[{"href":"https:\/\/sentinelsecurity.ch\/index.php?rest_route=%2Fwp%2Fv2%2Fmedia&parent=84"}],"curies":[{"name":"wp","href":"https:\/\/api.w.org\/{rel}","templated":true}]}}