{"id":76,"date":"2025-10-22T06:54:37","date_gmt":"2025-10-22T06:54:37","guid":{"rendered":"https:\/\/sentinelsecurity.ch\/?page_id=76"},"modified":"2025-12-15T09:53:45","modified_gmt":"2025-12-15T09:53:45","slug":"angebot","status":"publish","type":"page","link":"https:\/\/sentinelsecurity.ch\/?page_id=76","title":{"rendered":"Angebot"},"content":{"rendered":"\t\t<div data-elementor-type=\"wp-page\" data-elementor-id=\"76\" class=\"elementor elementor-76\">\n\t\t\t\t<div class=\"elementor-element elementor-element-c7a9ad3 e-flex e-con-boxed e-con e-parent\" data-id=\"c7a9ad3\" data-element_type=\"container\" data-e-type=\"container\">\n\t\t\t\t\t<div class=\"e-con-inner\">\n\t\t\t\t<div class=\"elementor-element elementor-element-d32ded5 elementor-widget elementor-widget-spacer\" data-id=\"d32ded5\" data-element_type=\"widget\" data-e-type=\"widget\" data-widget_type=\"spacer.default\">\n\t\t\t\t\t\t\t<div class=\"elementor-spacer\">\n\t\t\t<div class=\"elementor-spacer-inner\"><\/div>\n\t\t<\/div>\n\t\t\t\t\t\t<\/div>\n\t\t\t\t\t<\/div>\n\t\t\t\t<\/div>\n\t\t<div class=\"elementor-element elementor-element-8b0af98 e-flex e-con-boxed e-con e-parent\" data-id=\"8b0af98\" data-element_type=\"container\" data-e-type=\"container\">\n\t\t\t\t\t<div class=\"e-con-inner\">\n\t\t<div class=\"elementor-element elementor-element-eb7373d e-con-full e-flex e-con e-child\" data-id=\"eb7373d\" data-element_type=\"container\" data-e-type=\"container\">\n\t\t\t\t<div class=\"elementor-element elementor-element-1a46d54 elementor-widget elementor-widget-text-editor\" data-id=\"1a46d54\" data-element_type=\"widget\" data-e-type=\"widget\" data-widget_type=\"text-editor.default\">\n\t\t\t\t\t\t\t\t\t<h6 class=\"sr-only\">ChatGPT:<\/h6><div class=\"text-base my-auto mx-auto pb-10 [--thread-content-margin:--spacing(4)] thread-sm:[--thread-content-margin:--spacing(6)] thread-lg:[--thread-content-margin:--spacing(16)] px-(--thread-content-margin)\"><div class=\"[--thread-content-max-width:40rem] thread-lg:[--thread-content-max-width:48rem] mx-auto max-w-(--thread-content-max-width) flex-1 group\/turn-messages focus-visible:outline-hidden relative flex w-full min-w-0 flex-col agent-turn\" tabindex=\"-1\"><div class=\"flex max-w-full flex-col grow\"><div class=\"min-h-8 text-message relative flex w-full flex-col items-end gap-2 text-start break-words whitespace-normal [.text-message+&amp;]:mt-1\" dir=\"auto\" data-message-author-role=\"assistant\" data-message-id=\"ae8d5974-59a9-4213-9ffc-120e557eaf56\" data-message-model-slug=\"gpt-5\"><div class=\"flex w-full flex-col gap-1 empty:hidden first:pt-[1px]\"><div class=\"markdown prose dark:prose-invert w-full break-words dark markdown-new-styling\"><p data-start=\"0\" data-end=\"239\">Wenn es um Ihre Sicherheit geht, entwickelt Sentinel Security effektive und ma\u00dfgeschneiderte L\u00f6sungen. <br \/>Unser breites Dienstleistungsangebot deckt s\u00e4mtliche Sicherheitsanforderungen ab und sorgt daf\u00fcr, dass Sie optimal gesch\u00fctzt sind.<\/p><\/div><\/div><\/div><\/div><\/div><\/div>\t\t\t\t\t\t\t\t<\/div>\n\t\t\t\t<\/div>\n\t\t<div class=\"elementor-element elementor-element-e7443cd e-con-full e-flex e-con e-child\" data-id=\"e7443cd\" data-element_type=\"container\" data-e-type=\"container\">\n\t\t\t\t<div class=\"elementor-element elementor-element-aa7b08f elementor-widget elementor-widget-text-editor\" data-id=\"aa7b08f\" data-element_type=\"widget\" data-e-type=\"widget\" data-widget_type=\"text-editor.default\">\n\t\t\t\t\t\t\t\t\t<p>Unsere Sicherheitsdienste k\u00f6nnen einzeln oder als Teil eines umfassenden Sicherheits- und Schutzkonzepts genutzt werden \u2013 individuell abgestimmt auf Ihre Bed\u00fcrfnisse. Als f\u00fchrendes Unternehmen in der Sicherheitsbranche ist Sentinel Security Ihr kompetenter Partner, der gezielt auf Ihre spezifischen Anforderungen eingeht. Gerne beraten wir Sie pers\u00f6nlich zu den passenden Dienstleistungen und L\u00f6sungen von Sentinel Security.<\/p>\t\t\t\t\t\t\t\t<\/div>\n\t\t\t\t<\/div>\n\t\t\t\t\t<\/div>\n\t\t\t\t<\/div>\n\t\t<div class=\"elementor-element elementor-element-61ed475 e-flex e-con-boxed e-con e-parent\" data-id=\"61ed475\" data-element_type=\"container\" data-e-type=\"container\">\n\t\t\t\t\t<div class=\"e-con-inner\">\n\t\t\t\t<div class=\"elementor-element elementor-element-7e69050 elementor-widget elementor-widget-spacer\" data-id=\"7e69050\" data-element_type=\"widget\" data-e-type=\"widget\" data-widget_type=\"spacer.default\">\n\t\t\t\t\t\t\t<div class=\"elementor-spacer\">\n\t\t\t<div class=\"elementor-spacer-inner\"><\/div>\n\t\t<\/div>\n\t\t\t\t\t\t<\/div>\n\t\t\t\t\t<\/div>\n\t\t\t\t<\/div>\n\t\t<div class=\"elementor-element elementor-element-a13a634 e-flex e-con-boxed e-con e-parent\" data-id=\"a13a634\" data-element_type=\"container\" data-e-type=\"container\">\n\t\t\t\t\t<div class=\"e-con-inner\">\n\t\t<div class=\"elementor-element elementor-element-02713b5 e-con-full e-flex e-con e-child\" data-id=\"02713b5\" data-element_type=\"container\" data-e-type=\"container\">\n\t\t\t\t<div class=\"elementor-element elementor-element-7d55c29 elementor-widget elementor-widget-image\" data-id=\"7d55c29\" data-element_type=\"widget\" data-e-type=\"widget\" data-widget_type=\"image.default\">\n\t\t\t\t\t\t\t\t\t\t\t\t\t\t\t<img fetchpriority=\"high\" decoding=\"async\" width=\"800\" height=\"800\" src=\"https:\/\/sentinelsecurity.ch\/wp-content\/uploads\/2025\/10\/Bewachung.png\" class=\"attachment-large size-large wp-image-216\" alt=\"\" srcset=\"https:\/\/sentinelsecurity.ch\/wp-content\/uploads\/2025\/10\/Bewachung.png 1024w, https:\/\/sentinelsecurity.ch\/wp-content\/uploads\/2025\/10\/Bewachung-300x300.png 300w, https:\/\/sentinelsecurity.ch\/wp-content\/uploads\/2025\/10\/Bewachung-150x150.png 150w, https:\/\/sentinelsecurity.ch\/wp-content\/uploads\/2025\/10\/Bewachung-768x768.png 768w\" sizes=\"(max-width: 800px) 100vw, 800px\" \/>\t\t\t\t\t\t\t\t\t\t\t\t\t\t\t<\/div>\n\t\t\t\t<div class=\"elementor-element elementor-element-e3949d0 elementor-widget elementor-widget-heading\" data-id=\"e3949d0\" data-element_type=\"widget\" data-e-type=\"widget\" data-widget_type=\"heading.default\">\n\t\t\t\t\t<h2 class=\"elementor-heading-title elementor-size-default\">Bewachung<\/h2>\t\t\t\t<\/div>\n\t\t\t\t<div class=\"elementor-element elementor-element-bb8004d elementor-widget elementor-widget-text-editor\" data-id=\"bb8004d\" data-element_type=\"widget\" data-e-type=\"widget\" data-widget_type=\"text-editor.default\">\n\t\t\t\t\t\t\t\t\t<p>Das Team von Sentinel Security sorgt Tag und Nacht f\u00fcr Sicherheit<\/p>\t\t\t\t\t\t\t\t<\/div>\n\t\t\t\t<div class=\"elementor-element elementor-element-da08007 elementor-align-justify elementor-widget elementor-widget-button\" data-id=\"da08007\" data-element_type=\"widget\" data-e-type=\"widget\" data-widget_type=\"button.default\">\n\t\t\t\t\t\t\t\t\t\t<a class=\"elementor-button elementor-button-link elementor-size-sm\" href=\"https:\/\/sentinelsecurity.ch\/?page_id=80\">\n\t\t\t\t\t\t<span class=\"elementor-button-content-wrapper\">\n\t\t\t\t\t\t\t\t\t<span class=\"elementor-button-text\">Mehr Erfahren<\/span>\n\t\t\t\t\t<\/span>\n\t\t\t\t\t<\/a>\n\t\t\t\t\t\t\t\t<\/div>\n\t\t\t\t<\/div>\n\t\t<div class=\"elementor-element elementor-element-243ded5 e-con-full e-flex e-con e-child\" data-id=\"243ded5\" data-element_type=\"container\" data-e-type=\"container\">\n\t\t\t\t<div class=\"elementor-element elementor-element-9f9764f elementor-widget elementor-widget-image\" data-id=\"9f9764f\" data-element_type=\"widget\" data-e-type=\"widget\" data-widget_type=\"image.default\">\n\t\t\t\t\t\t\t\t\t\t\t\t\t\t\t<img decoding=\"async\" width=\"800\" height=\"800\" src=\"https:\/\/sentinelsecurity.ch\/wp-content\/uploads\/2025\/10\/Ordnungsdienst.jpg\" class=\"attachment-large size-large wp-image-207\" alt=\"\" srcset=\"https:\/\/sentinelsecurity.ch\/wp-content\/uploads\/2025\/10\/Ordnungsdienst.jpg 1024w, https:\/\/sentinelsecurity.ch\/wp-content\/uploads\/2025\/10\/Ordnungsdienst-300x300.jpg 300w, https:\/\/sentinelsecurity.ch\/wp-content\/uploads\/2025\/10\/Ordnungsdienst-150x150.jpg 150w, https:\/\/sentinelsecurity.ch\/wp-content\/uploads\/2025\/10\/Ordnungsdienst-768x768.jpg 768w\" sizes=\"(max-width: 800px) 100vw, 800px\" \/>\t\t\t\t\t\t\t\t\t\t\t\t\t\t\t<\/div>\n\t\t\t\t<div class=\"elementor-element elementor-element-0f6773c elementor-widget elementor-widget-heading\" data-id=\"0f6773c\" data-element_type=\"widget\" data-e-type=\"widget\" data-widget_type=\"heading.default\">\n\t\t\t\t\t<h2 class=\"elementor-heading-title elementor-size-default\">Ordnungsdienst<\/h2>\t\t\t\t<\/div>\n\t\t\t\t<div class=\"elementor-element elementor-element-f582c44 elementor-widget elementor-widget-text-editor\" data-id=\"f582c44\" data-element_type=\"widget\" data-e-type=\"widget\" data-widget_type=\"text-editor.default\">\n\t\t\t\t\t\t\t\t\t<p>Sentinel Security sorgt f\u00fcr Sicherheit, Ordnung und Ruhe<\/p>\t\t\t\t\t\t\t\t<\/div>\n\t\t\t\t<div class=\"elementor-element elementor-element-cf8ed43 elementor-align-justify elementor-widget elementor-widget-button\" data-id=\"cf8ed43\" data-element_type=\"widget\" data-e-type=\"widget\" data-widget_type=\"button.default\">\n\t\t\t\t\t\t\t\t\t\t<a class=\"elementor-button elementor-button-link elementor-size-sm\" href=\"https:\/\/sentinelsecurity.ch\/?page_id=82\">\n\t\t\t\t\t\t<span class=\"elementor-button-content-wrapper\">\n\t\t\t\t\t\t\t\t\t<span class=\"elementor-button-text\">Mehr Erfahren<\/span>\n\t\t\t\t\t<\/span>\n\t\t\t\t\t<\/a>\n\t\t\t\t\t\t\t\t<\/div>\n\t\t\t\t<\/div>\n\t\t<div class=\"elementor-element elementor-element-6e15c45 e-con-full e-flex e-con e-child\" data-id=\"6e15c45\" data-element_type=\"container\" data-e-type=\"container\">\n\t\t\t\t<div class=\"elementor-element elementor-element-72f51bc elementor-widget elementor-widget-image\" data-id=\"72f51bc\" data-element_type=\"widget\" data-e-type=\"widget\" data-widget_type=\"image.default\">\n\t\t\t\t\t\t\t\t\t\t\t\t\t\t\t<img decoding=\"async\" width=\"800\" height=\"800\" src=\"https:\/\/sentinelsecurity.ch\/wp-content\/uploads\/2025\/10\/Verkehrsdienst.jpg\" class=\"attachment-large size-large wp-image-208\" alt=\"\" srcset=\"https:\/\/sentinelsecurity.ch\/wp-content\/uploads\/2025\/10\/Verkehrsdienst.jpg 1024w, https:\/\/sentinelsecurity.ch\/wp-content\/uploads\/2025\/10\/Verkehrsdienst-300x300.jpg 300w, https:\/\/sentinelsecurity.ch\/wp-content\/uploads\/2025\/10\/Verkehrsdienst-150x150.jpg 150w, https:\/\/sentinelsecurity.ch\/wp-content\/uploads\/2025\/10\/Verkehrsdienst-768x768.jpg 768w\" sizes=\"(max-width: 800px) 100vw, 800px\" \/>\t\t\t\t\t\t\t\t\t\t\t\t\t\t\t<\/div>\n\t\t\t\t<div class=\"elementor-element elementor-element-bc2e9a0 elementor-widget elementor-widget-heading\" data-id=\"bc2e9a0\" data-element_type=\"widget\" data-e-type=\"widget\" data-widget_type=\"heading.default\">\n\t\t\t\t\t<h2 class=\"elementor-heading-title elementor-size-default\">Verkehrsdienst<\/h2>\t\t\t\t<\/div>\n\t\t\t\t<div class=\"elementor-element elementor-element-30603ae elementor-widget elementor-widget-text-editor\" data-id=\"30603ae\" data-element_type=\"widget\" data-e-type=\"widget\" data-widget_type=\"text-editor.default\">\n\t\t\t\t\t\t\t\t\t<p>Mit uns fahren Sie richtig<br \/><br \/><\/p>\t\t\t\t\t\t\t\t<\/div>\n\t\t\t\t<div class=\"elementor-element elementor-element-7757312 elementor-align-justify elementor-widget elementor-widget-button\" data-id=\"7757312\" data-element_type=\"widget\" data-e-type=\"widget\" data-widget_type=\"button.default\">\n\t\t\t\t\t\t\t\t\t\t<a class=\"elementor-button elementor-button-link elementor-size-sm\" href=\"\">\n\t\t\t\t\t\t<span class=\"elementor-button-content-wrapper\">\n\t\t\t\t\t\t\t\t\t<span class=\"elementor-button-text\">Mehr Erfahren<\/span>\n\t\t\t\t\t<\/span>\n\t\t\t\t\t<\/a>\n\t\t\t\t\t\t\t\t<\/div>\n\t\t\t\t<\/div>\n\t\t<div class=\"elementor-element elementor-element-1ce409d e-con-full e-flex e-con e-child\" data-id=\"1ce409d\" data-element_type=\"container\" data-e-type=\"container\">\n\t\t\t\t<div class=\"elementor-element elementor-element-e6b712e elementor-widget elementor-widget-image\" data-id=\"e6b712e\" data-element_type=\"widget\" data-e-type=\"widget\" data-widget_type=\"image.default\">\n\t\t\t\t\t\t\t\t\t\t\t\t\t\t\t<img loading=\"lazy\" decoding=\"async\" width=\"800\" height=\"800\" src=\"https:\/\/sentinelsecurity.ch\/wp-content\/uploads\/2025\/10\/Eingangskontrolle.png\" class=\"attachment-large size-large wp-image-209\" alt=\"\" srcset=\"https:\/\/sentinelsecurity.ch\/wp-content\/uploads\/2025\/10\/Eingangskontrolle.png 1024w, https:\/\/sentinelsecurity.ch\/wp-content\/uploads\/2025\/10\/Eingangskontrolle-300x300.png 300w, https:\/\/sentinelsecurity.ch\/wp-content\/uploads\/2025\/10\/Eingangskontrolle-150x150.png 150w, https:\/\/sentinelsecurity.ch\/wp-content\/uploads\/2025\/10\/Eingangskontrolle-768x768.png 768w\" sizes=\"(max-width: 800px) 100vw, 800px\" \/>\t\t\t\t\t\t\t\t\t\t\t\t\t\t\t<\/div>\n\t\t\t\t<div class=\"elementor-element elementor-element-ba303fb elementor-widget elementor-widget-heading\" data-id=\"ba303fb\" data-element_type=\"widget\" data-e-type=\"widget\" data-widget_type=\"heading.default\">\n\t\t\t\t\t<h2 class=\"elementor-heading-title elementor-size-default\">Eingangskontrolle<\/h2>\t\t\t\t<\/div>\n\t\t\t\t<div class=\"elementor-element elementor-element-139163f elementor-widget elementor-widget-text-editor\" data-id=\"139163f\" data-element_type=\"widget\" data-e-type=\"widget\" data-widget_type=\"text-editor.default\">\n\t\t\t\t\t\t\t\t\t<p>F\u00fcr Ihre Sicherheit rund um die Uhr<\/p>\t\t\t\t\t\t\t\t<\/div>\n\t\t\t\t<div class=\"elementor-element elementor-element-911de65 elementor-align-justify elementor-widget elementor-widget-button\" data-id=\"911de65\" data-element_type=\"widget\" data-e-type=\"widget\" data-widget_type=\"button.default\">\n\t\t\t\t\t\t\t\t\t\t<a class=\"elementor-button elementor-button-link elementor-size-sm\" href=\"https:\/\/sentinelsecurity.ch\/?page_id=87\">\n\t\t\t\t\t\t<span class=\"elementor-button-content-wrapper\">\n\t\t\t\t\t\t\t\t\t<span class=\"elementor-button-text\">Mehr Erfahren<\/span>\n\t\t\t\t\t<\/span>\n\t\t\t\t\t<\/a>\n\t\t\t\t\t\t\t\t<\/div>\n\t\t\t\t<\/div>\n\t\t<div class=\"elementor-element elementor-element-cbe62f3 e-con-full e-flex e-con e-child\" data-id=\"cbe62f3\" data-element_type=\"container\" data-e-type=\"container\">\n\t\t\t\t<div class=\"elementor-element elementor-element-51bd208 elementor-widget elementor-widget-image\" data-id=\"51bd208\" data-element_type=\"widget\" data-e-type=\"widget\" data-widget_type=\"image.default\">\n\t\t\t\t\t\t\t\t\t\t\t\t\t\t\t<img loading=\"lazy\" decoding=\"async\" width=\"800\" height=\"800\" src=\"https:\/\/sentinelsecurity.ch\/wp-content\/uploads\/2025\/10\/Revierdienst.png\" class=\"attachment-large size-large wp-image-210\" alt=\"\" srcset=\"https:\/\/sentinelsecurity.ch\/wp-content\/uploads\/2025\/10\/Revierdienst.png 1024w, https:\/\/sentinelsecurity.ch\/wp-content\/uploads\/2025\/10\/Revierdienst-300x300.png 300w, https:\/\/sentinelsecurity.ch\/wp-content\/uploads\/2025\/10\/Revierdienst-150x150.png 150w, https:\/\/sentinelsecurity.ch\/wp-content\/uploads\/2025\/10\/Revierdienst-768x768.png 768w\" sizes=\"(max-width: 800px) 100vw, 800px\" \/>\t\t\t\t\t\t\t\t\t\t\t\t\t\t\t<\/div>\n\t\t\t\t<div class=\"elementor-element elementor-element-0889de9 elementor-widget elementor-widget-heading\" data-id=\"0889de9\" data-element_type=\"widget\" data-e-type=\"widget\" data-widget_type=\"heading.default\">\n\t\t\t\t\t<h2 class=\"elementor-heading-title elementor-size-default\">Revierdienste<\/h2>\t\t\t\t<\/div>\n\t\t\t\t<div class=\"elementor-element elementor-element-7937a47 elementor-widget elementor-widget-text-editor\" data-id=\"7937a47\" data-element_type=\"widget\" data-e-type=\"widget\" data-widget_type=\"text-editor.default\">\n\t\t\t\t\t\t\t\t\t<p>Kontrolle. Pr\u00e4senz. Sicherheit<\/p>\t\t\t\t\t\t\t\t<\/div>\n\t\t\t\t<div class=\"elementor-element elementor-element-1f362e7 elementor-align-justify elementor-widget elementor-widget-button\" data-id=\"1f362e7\" data-element_type=\"widget\" data-e-type=\"widget\" data-widget_type=\"button.default\">\n\t\t\t\t\t\t\t\t\t\t<a class=\"elementor-button elementor-button-link elementor-size-sm\" href=\"https:\/\/sentinelsecurity.ch\/?page_id=89\">\n\t\t\t\t\t\t<span class=\"elementor-button-content-wrapper\">\n\t\t\t\t\t\t\t\t\t<span class=\"elementor-button-text\">Mehr Erfahren<\/span>\n\t\t\t\t\t<\/span>\n\t\t\t\t\t<\/a>\n\t\t\t\t\t\t\t\t<\/div>\n\t\t\t\t<\/div>\n\t\t<div class=\"elementor-element elementor-element-5fa5026 e-con-full e-flex e-con e-child\" data-id=\"5fa5026\" data-element_type=\"container\" data-e-type=\"container\">\n\t\t\t\t<div class=\"elementor-element elementor-element-f80c376 elementor-widget elementor-widget-image\" data-id=\"f80c376\" data-element_type=\"widget\" data-e-type=\"widget\" data-widget_type=\"image.default\">\n\t\t\t\t\t\t\t\t\t\t\t\t\t\t\t<img loading=\"lazy\" decoding=\"async\" width=\"800\" height=\"800\" src=\"https:\/\/sentinelsecurity.ch\/wp-content\/uploads\/2025\/10\/Sanitaetsdienst.png\" class=\"attachment-large size-large wp-image-211\" alt=\"\" srcset=\"https:\/\/sentinelsecurity.ch\/wp-content\/uploads\/2025\/10\/Sanitaetsdienst.png 1024w, https:\/\/sentinelsecurity.ch\/wp-content\/uploads\/2025\/10\/Sanitaetsdienst-300x300.png 300w, https:\/\/sentinelsecurity.ch\/wp-content\/uploads\/2025\/10\/Sanitaetsdienst-150x150.png 150w, https:\/\/sentinelsecurity.ch\/wp-content\/uploads\/2025\/10\/Sanitaetsdienst-768x768.png 768w\" sizes=\"(max-width: 800px) 100vw, 800px\" \/>\t\t\t\t\t\t\t\t\t\t\t\t\t\t\t<\/div>\n\t\t\t\t<div class=\"elementor-element elementor-element-0324280 elementor-widget elementor-widget-heading\" data-id=\"0324280\" data-element_type=\"widget\" data-e-type=\"widget\" data-widget_type=\"heading.default\">\n\t\t\t\t\t<h2 class=\"elementor-heading-title elementor-size-default\">Sanit\u00e4tsdienst<\/h2>\t\t\t\t<\/div>\n\t\t\t\t<div class=\"elementor-element elementor-element-ae571bb elementor-widget elementor-widget-text-editor\" data-id=\"ae571bb\" data-element_type=\"widget\" data-e-type=\"widget\" data-widget_type=\"text-editor.default\">\n\t\t\t\t\t\t\t\t\t<p>Ihre Gesundheit an erster Stelle<\/p>\t\t\t\t\t\t\t\t<\/div>\n\t\t\t\t<div class=\"elementor-element elementor-element-4ba2d96 elementor-align-justify elementor-widget elementor-widget-button\" data-id=\"4ba2d96\" data-element_type=\"widget\" data-e-type=\"widget\" data-widget_type=\"button.default\">\n\t\t\t\t\t\t\t\t\t\t<a class=\"elementor-button elementor-button-link elementor-size-sm\" href=\"https:\/\/sentinelsecurity.ch\/?page_id=151\">\n\t\t\t\t\t\t<span class=\"elementor-button-content-wrapper\">\n\t\t\t\t\t\t\t\t\t<span class=\"elementor-button-text\">Mehr Erfahren<\/span>\n\t\t\t\t\t<\/span>\n\t\t\t\t\t<\/a>\n\t\t\t\t\t\t\t\t<\/div>\n\t\t\t\t<\/div>\n\t\t<div class=\"elementor-element elementor-element-1e64659 e-con-full e-flex e-con e-child\" data-id=\"1e64659\" data-element_type=\"container\" data-e-type=\"container\">\n\t\t\t\t<div class=\"elementor-element elementor-element-11f5098 elementor-widget elementor-widget-image\" data-id=\"11f5098\" data-element_type=\"widget\" data-e-type=\"widget\" data-widget_type=\"image.default\">\n\t\t\t\t\t\t\t\t\t\t\t\t\t\t\t<img loading=\"lazy\" decoding=\"async\" width=\"800\" height=\"800\" src=\"https:\/\/sentinelsecurity.ch\/wp-content\/uploads\/2025\/10\/Interventionsdienst.png\" class=\"attachment-large size-large wp-image-212\" alt=\"\" srcset=\"https:\/\/sentinelsecurity.ch\/wp-content\/uploads\/2025\/10\/Interventionsdienst.png 1024w, https:\/\/sentinelsecurity.ch\/wp-content\/uploads\/2025\/10\/Interventionsdienst-300x300.png 300w, https:\/\/sentinelsecurity.ch\/wp-content\/uploads\/2025\/10\/Interventionsdienst-150x150.png 150w, https:\/\/sentinelsecurity.ch\/wp-content\/uploads\/2025\/10\/Interventionsdienst-768x768.png 768w\" sizes=\"(max-width: 800px) 100vw, 800px\" \/>\t\t\t\t\t\t\t\t\t\t\t\t\t\t\t<\/div>\n\t\t\t\t<div class=\"elementor-element elementor-element-a35f018 elementor-widget elementor-widget-heading\" data-id=\"a35f018\" data-element_type=\"widget\" data-e-type=\"widget\" data-widget_type=\"heading.default\">\n\t\t\t\t\t<h2 class=\"elementor-heading-title elementor-size-default\">Interventionsdienst<\/h2>\t\t\t\t<\/div>\n\t\t\t\t<div class=\"elementor-element elementor-element-5656dc9 elementor-widget elementor-widget-text-editor\" data-id=\"5656dc9\" data-element_type=\"widget\" data-e-type=\"widget\" data-widget_type=\"text-editor.default\">\n\t\t\t\t\t\t\t\t\t<p>Immer erreichbar, immer bereit<\/p>\t\t\t\t\t\t\t\t<\/div>\n\t\t\t\t<div class=\"elementor-element elementor-element-70c7f09 elementor-align-justify elementor-widget elementor-widget-button\" data-id=\"70c7f09\" data-element_type=\"widget\" data-e-type=\"widget\" data-widget_type=\"button.default\">\n\t\t\t\t\t\t\t\t\t\t<a class=\"elementor-button elementor-button-link elementor-size-sm\" href=\"https:\/\/sentinelsecurity.ch\/?page_id=93\">\n\t\t\t\t\t\t<span class=\"elementor-button-content-wrapper\">\n\t\t\t\t\t\t\t\t\t<span class=\"elementor-button-text\">Mehr Erfahren<\/span>\n\t\t\t\t\t<\/span>\n\t\t\t\t\t<\/a>\n\t\t\t\t\t\t\t\t<\/div>\n\t\t\t\t<\/div>\n\t\t<div class=\"elementor-element elementor-element-eaf5807 e-con-full e-flex e-con e-child\" data-id=\"eaf5807\" data-element_type=\"container\" data-e-type=\"container\">\n\t\t\t\t<\/div>\n\t\t\t\t\t<\/div>\n\t\t\t\t<\/div>\n\t\t<div class=\"elementor-element elementor-element-cec8c0c e-flex e-con-boxed e-con e-parent\" data-id=\"cec8c0c\" data-element_type=\"container\" data-e-type=\"container\">\n\t\t\t\t\t<div class=\"e-con-inner\">\n\t\t\t\t<div class=\"elementor-element elementor-element-d3d7554 elementor-widget elementor-widget-spacer\" data-id=\"d3d7554\" data-element_type=\"widget\" data-e-type=\"widget\" data-widget_type=\"spacer.default\">\n\t\t\t\t\t\t\t<div class=\"elementor-spacer\">\n\t\t\t<div class=\"elementor-spacer-inner\"><\/div>\n\t\t<\/div>\n\t\t\t\t\t\t<\/div>\n\t\t\t\t\t<\/div>\n\t\t\t\t<\/div>\n\t\t\t\t<\/div>\n\t\t","protected":false},"excerpt":{"rendered":"<p>ChatGPT: Wenn es um Ihre Sicherheit geht, entwickelt Sentinel Security effektive und ma\u00dfgeschneiderte L\u00f6sungen. Unser breites Dienstleistungsangebot deckt s\u00e4mtliche Sicherheitsanforderungen ab und sorgt daf\u00fcr, dass Sie optimal gesch\u00fctzt sind. Unsere Sicherheitsdienste k\u00f6nnen einzeln oder als Teil eines umfassenden Sicherheits- und Schutzkonzepts genutzt werden \u2013 individuell abgestimmt auf Ihre Bed\u00fcrfnisse. Als f\u00fchrendes Unternehmen in der Sicherheitsbranche [&hellip;]<\/p>\n","protected":false},"author":1,"featured_media":0,"parent":0,"menu_order":0,"comment_status":"closed","ping_status":"closed","template":"elementor_canvas","meta":{"footnotes":""},"class_list":["post-76","page","type-page","status-publish","hentry"],"_links":{"self":[{"href":"https:\/\/sentinelsecurity.ch\/index.php?rest_route=\/wp\/v2\/pages\/76","targetHints":{"allow":["GET"]}}],"collection":[{"href":"https:\/\/sentinelsecurity.ch\/index.php?rest_route=\/wp\/v2\/pages"}],"about":[{"href":"https:\/\/sentinelsecurity.ch\/index.php?rest_route=\/wp\/v2\/types\/page"}],"author":[{"embeddable":true,"href":"https:\/\/sentinelsecurity.ch\/index.php?rest_route=\/wp\/v2\/users\/1"}],"replies":[{"embeddable":true,"href":"https:\/\/sentinelsecurity.ch\/index.php?rest_route=%2Fwp%2Fv2%2Fcomments&post=76"}],"version-history":[{"count":34,"href":"https:\/\/sentinelsecurity.ch\/index.php?rest_route=\/wp\/v2\/pages\/76\/revisions"}],"predecessor-version":[{"id":261,"href":"https:\/\/sentinelsecurity.ch\/index.php?rest_route=\/wp\/v2\/pages\/76\/revisions\/261"}],"wp:attachment":[{"href":"https:\/\/sentinelsecurity.ch\/index.php?rest_route=%2Fwp%2Fv2%2Fmedia&parent=76"}],"curies":[{"name":"wp","href":"https:\/\/api.w.org\/{rel}","templated":true}]}}