{"id":15,"date":"2025-10-21T13:20:37","date_gmt":"2025-10-21T13:20:37","guid":{"rendered":"https:\/\/sentinelsecurity.ch\/?page_id=15"},"modified":"2026-03-25T07:57:33","modified_gmt":"2026-03-25T07:57:33","slug":"startseite","status":"publish","type":"page","link":"https:\/\/sentinelsecurity.ch\/","title":{"rendered":"Startseite"},"content":{"rendered":"\t\t<div data-elementor-type=\"wp-post\" data-elementor-id=\"15\" class=\"elementor elementor-15\">\n\t\t\t\t<div class=\"elementor-element elementor-element-3471de6 e-flex e-con-boxed e-con e-parent\" data-id=\"3471de6\" data-element_type=\"container\" data-e-type=\"container\">\n\t\t\t\t\t<div class=\"e-con-inner\">\n\t\t\t\t<div class=\"elementor-element elementor-element-cccb12a elementor-widget elementor-widget-spacer\" data-id=\"cccb12a\" data-element_type=\"widget\" data-e-type=\"widget\" data-widget_type=\"spacer.default\">\n\t\t\t\t\t\t\t<div class=\"elementor-spacer\">\n\t\t\t<div class=\"elementor-spacer-inner\"><\/div>\n\t\t<\/div>\n\t\t\t\t\t\t<\/div>\n\t\t\t\t\t<\/div>\n\t\t\t\t<\/div>\n\t\t<div class=\"elementor-element elementor-element-5bcbd9a e-flex e-con-boxed e-con e-parent\" data-id=\"5bcbd9a\" data-element_type=\"container\" data-e-type=\"container\">\n\t\t\t\t\t<div class=\"e-con-inner\">\n\t\t\t\t<div class=\"elementor-element elementor-element-ef42be1 elementor-widget elementor-widget-image\" data-id=\"ef42be1\" data-element_type=\"widget\" data-e-type=\"widget\" data-widget_type=\"image.default\">\n\t\t\t\t\t\t\t\t\t\t\t\t\t\t\t<img fetchpriority=\"high\" decoding=\"async\" width=\"768\" height=\"299\" src=\"https:\/\/sentinelsecurity.ch\/wp-content\/uploads\/2026\/02\/ChatGPT-Image-28.-Feb.-2026-12_24_36-1-768x299.png\" class=\"attachment-medium_large size-medium_large wp-image-270\" alt=\"\" srcset=\"https:\/\/sentinelsecurity.ch\/wp-content\/uploads\/2026\/02\/ChatGPT-Image-28.-Feb.-2026-12_24_36-1-768x299.png 768w, https:\/\/sentinelsecurity.ch\/wp-content\/uploads\/2026\/02\/ChatGPT-Image-28.-Feb.-2026-12_24_36-1-300x117.png 300w, https:\/\/sentinelsecurity.ch\/wp-content\/uploads\/2026\/02\/ChatGPT-Image-28.-Feb.-2026-12_24_36-1.png 983w\" sizes=\"(max-width: 768px) 100vw, 768px\" \/>\t\t\t\t\t\t\t\t\t\t\t\t\t\t\t<\/div>\n\t\t\t\t\t<\/div>\n\t\t\t\t<\/div>\n\t\t<div class=\"elementor-element elementor-element-3e0bf0f e-flex e-con-boxed e-con e-parent\" data-id=\"3e0bf0f\" data-element_type=\"container\" data-e-type=\"container\">\n\t\t\t\t\t<div class=\"e-con-inner\">\n\t\t\t\t<div class=\"elementor-element elementor-element-14b5e59 elementor-widget elementor-widget-spacer\" data-id=\"14b5e59\" data-element_type=\"widget\" data-e-type=\"widget\" data-widget_type=\"spacer.default\">\n\t\t\t\t\t\t\t<div class=\"elementor-spacer\">\n\t\t\t<div class=\"elementor-spacer-inner\"><\/div>\n\t\t<\/div>\n\t\t\t\t\t\t<\/div>\n\t\t\t\t\t<\/div>\n\t\t\t\t<\/div>\n\t\t<div class=\"elementor-element elementor-element-a317ed2 e-flex e-con-boxed e-con e-parent\" data-id=\"a317ed2\" data-element_type=\"container\" data-e-type=\"container\">\n\t\t\t\t\t<div class=\"e-con-inner\">\n\t\t\t\t<div class=\"elementor-element elementor-element-ed62ef5 elementor-widget elementor-widget-text-editor\" data-id=\"ed62ef5\" data-element_type=\"widget\" data-e-type=\"widget\" data-widget_type=\"text-editor.default\">\n\t\t\t\t\t\t\t\t\t<h3 data-start=\"131\" data-end=\"155\">Aktuelle Information<\/h3><p data-start=\"370\" data-end=\"548\">Die Er\u00f6ffnung von <strong data-start=\"388\" data-end=\"409\">Sentinel Security<\/strong> ist derzeit <strong data-start=\"422\" data-end=\"448\">vor\u00fcbergehend pausiert<\/strong>. Grund daf\u00fcr sind verschiedene administrative Prozesse, die sorgf\u00e4ltig abgeschlossen werden m\u00fcssen.<\/p><p data-start=\"550\" data-end=\"758\">Um euch dennoch weiterhin <strong data-start=\"576\" data-end=\"628\">s\u00e4mtliche Dienstleistungen im Sicherheitsbereich<\/strong> anbieten zu k\u00f6nnen, arbeiten wir ab sofort <strong data-start=\"672\" data-end=\"748\">eng und partnerschaftlich mit der Firma Diamant Personel Security Biondi<\/strong> zusammen.<\/p><p data-start=\"760\" data-end=\"928\">Die <strong data-start=\"764\" data-end=\"799\">Diamant Personel Security (DPS)<\/strong> verf\u00fcgt \u00fcber <strong data-start=\"813\" data-end=\"891\">jahrelange Erfahrung in unterschiedlichen Bereichen der Sicherheitsbranche<\/strong>, einschliesslich <strong data-start=\"909\" data-end=\"927\">Sanit\u00e4tsdienst<\/strong>.<\/p><p data-start=\"930\" data-end=\"1237\">Bis auf Weiteres werden <strong data-start=\"954\" data-end=\"997\">alle Auftr\u00e4ge an die DPS weitergeleitet<\/strong>, gemeinsam koordiniert und <strong data-start=\"1025\" data-end=\"1063\">offiziell \u00fcber die DPS abgewickelt<\/strong>. Die entsprechenden Kontaktdaten findet ihr direkt auf unserer unter dem Reiter &#8222;Kontakt&#8220;. Selbstverst\u00e4ndlich stehen wir euch bei Fragen oder Auftrags-Anfragen auch weiterhin pers\u00f6nlich zur Verf\u00fcgung.<\/p><p data-start=\"1239\" data-end=\"1365\">Wir freuen uns sehr \u00fcber diese Partnerschaft und die Zusammenarbeit.<br data-start=\"1307\" data-end=\"1310\" \/><strong data-start=\"1310\" data-end=\"1365\">Ganz nach dem Motto: Gemeinsam f\u00fcr eure Sicherheit.<\/strong><\/p>\t\t\t\t\t\t\t\t<\/div>\n\t\t\t\t\t<\/div>\n\t\t\t\t<\/div>\n\t\t<div class=\"elementor-element elementor-element-63836b9 e-flex e-con-boxed e-con e-parent\" data-id=\"63836b9\" data-element_type=\"container\" data-e-type=\"container\">\n\t\t\t\t\t<div class=\"e-con-inner\">\n\t\t\t\t<div class=\"elementor-element elementor-element-2e4de06 elementor-widget elementor-widget-spacer\" data-id=\"2e4de06\" data-element_type=\"widget\" data-e-type=\"widget\" data-widget_type=\"spacer.default\">\n\t\t\t\t\t\t\t<div class=\"elementor-spacer\">\n\t\t\t<div class=\"elementor-spacer-inner\"><\/div>\n\t\t<\/div>\n\t\t\t\t\t\t<\/div>\n\t\t\t\t\t<\/div>\n\t\t\t\t<\/div>\n\t\t\t\t<\/div>\n\t\t","protected":false},"excerpt":{"rendered":"<p>Aktuelle Information Die Er\u00f6ffnung von Sentinel Security ist derzeit vor\u00fcbergehend pausiert. Grund daf\u00fcr sind verschiedene administrative Prozesse, die sorgf\u00e4ltig abgeschlossen werden m\u00fcssen. Um euch dennoch weiterhin s\u00e4mtliche Dienstleistungen im Sicherheitsbereich anbieten zu k\u00f6nnen, arbeiten wir ab sofort eng und partnerschaftlich mit der Firma Diamant Personel Security Biondi zusammen. Die Diamant Personel Security (DPS) verf\u00fcgt \u00fcber [&hellip;]<\/p>\n","protected":false},"author":1,"featured_media":0,"parent":0,"menu_order":0,"comment_status":"closed","ping_status":"closed","template":"elementor_canvas","meta":{"footnotes":""},"class_list":["post-15","page","type-page","status-publish","hentry"],"_links":{"self":[{"href":"https:\/\/sentinelsecurity.ch\/index.php?rest_route=\/wp\/v2\/pages\/15","targetHints":{"allow":["GET"]}}],"collection":[{"href":"https:\/\/sentinelsecurity.ch\/index.php?rest_route=\/wp\/v2\/pages"}],"about":[{"href":"https:\/\/sentinelsecurity.ch\/index.php?rest_route=\/wp\/v2\/types\/page"}],"author":[{"embeddable":true,"href":"https:\/\/sentinelsecurity.ch\/index.php?rest_route=\/wp\/v2\/users\/1"}],"replies":[{"embeddable":true,"href":"https:\/\/sentinelsecurity.ch\/index.php?rest_route=%2Fwp%2Fv2%2Fcomments&post=15"}],"version-history":[{"count":27,"href":"https:\/\/sentinelsecurity.ch\/index.php?rest_route=\/wp\/v2\/pages\/15\/revisions"}],"predecessor-version":[{"id":288,"href":"https:\/\/sentinelsecurity.ch\/index.php?rest_route=\/wp\/v2\/pages\/15\/revisions\/288"}],"wp:attachment":[{"href":"https:\/\/sentinelsecurity.ch\/index.php?rest_route=%2Fwp%2Fv2%2Fmedia&parent=15"}],"curies":[{"name":"wp","href":"https:\/\/api.w.org\/{rel}","templated":true}]}}